{"id":25,"date":"2024-09-13T14:38:57","date_gmt":"2024-09-13T12:38:57","guid":{"rendered":"https:\/\/elisaconsulting.com\/?page_id=25"},"modified":"2025-04-30T17:28:49","modified_gmt":"2025-04-30T15:28:49","slug":"accueil","status":"publish","type":"page","link":"https:\/\/elisaconsulting.com\/es\/","title":{"rendered":"Home"},"content":{"rendered":"<div data-elementor-type=\"wp-page\" data-elementor-id=\"25\" class=\"elementor elementor-25\">\n\t\t\t\t<div class=\"elementor-element elementor-element-bb096d9 e-con-full e-flex e-con e-parent\" data-id=\"bb096d9\" data-element_type=\"container\" data-settings=\"{&quot;background_background&quot;:&quot;classic&quot;}\">\n\t\t<div class=\"elementor-element elementor-element-4b4b418 e-con-full elementor-hidden-tablet elementor-hidden-mobile e-flex e-con e-child\" data-id=\"4b4b418\" data-element_type=\"container\">\n\t\t\t\t<div class=\"elementor-element elementor-element-062dc6f elementor-hidden-tablet elementor-hidden-mobile elementor-widget elementor-widget-image\" data-id=\"062dc6f\" data-element_type=\"widget\" data-widget_type=\"image.default\">\n\t\t\t\t<div class=\"elementor-widget-container\">\n\t\t\t\t\t\t\t\t\t\t\t\t\t\t\t<img fetchpriority=\"high\" decoding=\"async\" width=\"600\" height=\"762\" src=\"https:\/\/elisaconsulting.com\/wp-content\/uploads\/2024\/09\/Elisa-detouree-light.png\" class=\"attachment-full size-full wp-image-202\" alt=\"Elisa Cherian Vazquez - Elisa Consulting - Num\u00e9rologie - Sophrologie Cayc\u00e9dienne - 1010 Morges - Lausanne - Suisse\" srcset=\"https:\/\/elisaconsulting.com\/wp-content\/uploads\/2024\/09\/Elisa-detouree-light.png 600w, https:\/\/elisaconsulting.com\/wp-content\/uploads\/2024\/09\/Elisa-detouree-light-236x300.png 236w\" sizes=\"(max-width: 600px) 100vw, 600px\" \/>\t\t\t\t\t\t\t\t\t\t\t\t\t\t\t<\/div>\n\t\t\t\t<\/div>\n\t\t\t\t<\/div>\n\t\t<div class=\"elementor-element elementor-element-4580c5f e-con-full e-flex e-con e-child\" data-id=\"4580c5f\" data-element_type=\"container\">\n\t\t\t\t<div class=\"elementor-element elementor-element-ffb4147 elementor-widget elementor-widget-heading\" data-id=\"ffb4147\" data-element_type=\"widget\" data-widget_type=\"heading.default\">\n\t\t\t\t<div class=\"elementor-widget-container\">\n\t\t\t\t\t<h1 class=\"elementor-heading-title elementor-size-default translation-block\">ELISA<br>CONSULTING<\/h1>\t\t\t\t<\/div>\n\t\t\t\t<\/div>\n\t\t\t\t<div class=\"elementor-element elementor-element-9c46b3b elementor-widget elementor-widget-heading\" data-id=\"9c46b3b\" data-element_type=\"widget\" data-widget_type=\"heading.default\">\n\t\t\t\t<div class=\"elementor-widget-container\">\n\t\t\t\t\t<h1 class=\"elementor-heading-title elementor-size-default translation-block\">SOFR\u00d3LOGA Y<br>COACH EN NUMEROLOG\u00cdA<\/h1>\t\t\t\t<\/div>\n\t\t\t\t<\/div>\n\t\t\t\t<div class=\"elementor-element elementor-element-bf1ca73 elementor-widget elementor-widget-text-editor\" data-id=\"bf1ca73\" data-element_type=\"widget\" data-widget_type=\"text-editor.default\">\n\t\t\t\t<div class=\"elementor-widget-container translation-block\">Te invito a explorar tus talentos y potencial, cultivar tu serenidad y bienestar a trav\u00e9s de la \n<span class=\"bold-noir\">SOFROLOG\u00cdA<\/span> y de la <span class=\"bold-noir\">NUMEROLOG\u00cdA<\/span>.<br>\nDescubramos juntos tus necesidades y objetivos\u2026<\/div>\n\t\t\t\t<\/div>\n\t\t\t\t<div class=\"elementor-element elementor-element-b483bf8 elementor-widget elementor-widget-text-editor\" data-id=\"b483bf8\" data-element_type=\"widget\" data-widget_type=\"text-editor.default\">\n\t\t\t\t<div class=\"elementor-widget-container\">\n\t\t\t\t\t\t\t\t\t<p class=\"translation-block\"><strong>\u00abCreer en uno mismo es casi triunfar\u00bb<\/strong><br>Victor Hugo<\/p>\t\t\t\t\t\t\t\t<\/div>\n\t\t\t\t<\/div>\n\t\t\t\t<div class=\"elementor-element elementor-element-708f2a8 elementor-align-center elementor-widget elementor-widget-button\" data-id=\"708f2a8\" data-element_type=\"widget\" data-widget_type=\"button.default\">\n\t\t\t\t<div class=\"elementor-widget-container\">\n\t\t\t\t\t\t\t\t\t<div class=\"elementor-button-wrapper\">\n\t\t\t\t\t<a class=\"elementor-button elementor-button-link elementor-size-sm\" href=\"tel:+41797610426\">\n\t\t\t\t\t\t<span class=\"elementor-button-content-wrapper\">\n\t\t\t\t\t\t\t\t\t<span class=\"elementor-button-text\">CONTACTAME<br> +41 79 761 04 26<\/span>\n\t\t\t\t\t<\/span>\n\t\t\t\t\t<\/a>\n\t\t\t\t<\/div>\n\t\t\t\t\t\t\t\t<\/div>\n\t\t\t\t<\/div>\n\t\t\t\t<\/div>\n\t\t\t\t<\/div>\n\t\t<div class=\"elementor-element elementor-element-b892e0f e-con-full e-flex e-con e-parent\" data-id=\"b892e0f\" data-element_type=\"container\" data-settings=\"{&quot;background_background&quot;:&quot;classic&quot;}\">\n\t\t<div class=\"elementor-element elementor-element-ee28c82 e-con-full e-flex e-con e-child\" data-id=\"ee28c82\" data-element_type=\"container\">\n\t\t\t\t<div class=\"elementor-element elementor-element-61087fc elementor-widget elementor-widget-heading\" data-id=\"61087fc\" data-element_type=\"widget\" data-widget_type=\"heading.default\">\n\t\t\t\t<div class=\"elementor-widget-container\">\n\t\t\t\t\t<h2 class=\"elementor-heading-title elementor-size-default\">NUMEROLOG\u00cdA<\/h2>\t\t\t\t<\/div>\n\t\t\t\t<\/div>\n\t\t\t\t<div class=\"elementor-element elementor-element-eb940d2 elementor-widget elementor-widget-text-editor\" data-id=\"eb940d2\" data-element_type=\"widget\" data-widget_type=\"text-editor.default\">\n\t\t\t\t<div class=\"elementor-widget-container\">\n\t\t\t\t\t\t\t\t\t<p class=\"translation-block\">\u00bfQuieres descubrir qui\u00e9n eres realmente?<br>Reconecta con tus talentos, tus capacidades y los valores que te definen.<\/p>\t\t\t\t\t\t\t\t<\/div>\n\t\t\t\t<\/div>\n\t\t\t\t<div class=\"elementor-element elementor-element-6d91213 elementor-widget elementor-widget-text-editor\" data-id=\"6d91213\" data-element_type=\"widget\" data-widget_type=\"text-editor.default\">\n\t\t\t\t<div class=\"elementor-widget-container translation-block\">Gracias a una sesi\u00f3n de <span class=\"bold-rose\">NUMEROLOG\u00cdA<\/span> combinada con una t\u00e9cnica<br><span class=\"bold-noir\">SOFROL\u00d3GICA de PREPARACI\u00d3N<\/span>, obtendr\u00e1s una gu\u00eda clara<br>para avanzar con confianza y autenticidad.<\/div>\n\t\t\t\t<\/div>\n\t\t\t\t<div class=\"elementor-element elementor-element-c7f20ce elementor-align-right elementor-tablet-align-center elementor-widget elementor-widget-button\" data-id=\"c7f20ce\" data-element_type=\"widget\" data-widget_type=\"button.default\">\n\t\t\t\t<div class=\"elementor-widget-container\">\n\t\t\t\t\t\t\t\t\t<div class=\"elementor-button-wrapper\">\n\t\t\t\t\t<a class=\"elementor-button elementor-button-link elementor-size-sm\" href=\"https:\/\/elisaconsulting.com\/es\/numerologie\/\">\n\t\t\t\t\t\t<span class=\"elementor-button-content-wrapper\">\n\t\t\t\t\t\t\t\t\t<span class=\"elementor-button-text\">SABER M\u00c1S<\/span>\n\t\t\t\t\t<\/span>\n\t\t\t\t\t<\/a>\n\t\t\t\t<\/div>\n\t\t\t\t\t\t\t\t<\/div>\n\t\t\t\t<\/div>\n\t\t\t\t<\/div>\n\t\t<div class=\"elementor-element elementor-element-a52e796 e-con-full elementor-hidden-tablet elementor-hidden-mobile e-flex e-con e-child\" data-id=\"a52e796\" data-element_type=\"container\">\n\t\t\t\t<div class=\"elementor-element elementor-element-348205c elementor-widget elementor-widget-image\" data-id=\"348205c\" data-element_type=\"widget\" data-widget_type=\"image.default\">\n\t\t\t\t<div class=\"elementor-widget-container\">\n\t\t\t\t\t\t\t\t\t\t\t\t\t\t\t<img decoding=\"async\" width=\"748\" height=\"1000\" src=\"https:\/\/elisaconsulting.com\/wp-content\/uploads\/2024\/11\/numerologie-01.jpg\" class=\"attachment-large size-large wp-image-295\" alt=\"Elisa Cherian Vazquez - Elisa Consulting - Num\u00e9rologie - Sophrologie Cayc\u00e9dienne - 1010 Morges - Lausanne - Suisse - Num\u00e9rologie\" srcset=\"https:\/\/elisaconsulting.com\/wp-content\/uploads\/2024\/11\/numerologie-01.jpg 748w, https:\/\/elisaconsulting.com\/wp-content\/uploads\/2024\/11\/numerologie-01-224x300.jpg 224w\" sizes=\"(max-width: 748px) 100vw, 748px\" \/>\t\t\t\t\t\t\t\t\t\t\t\t\t\t\t<\/div>\n\t\t\t\t<\/div>\n\t\t\t\t<\/div>\n\t\t\t\t<\/div>\n\t\t<div class=\"elementor-element elementor-element-b2a94e7 e-con-full e-flex e-con e-parent\" data-id=\"b2a94e7\" data-element_type=\"container\" data-settings=\"{&quot;background_background&quot;:&quot;gradient&quot;}\">\n\t\t<div class=\"elementor-element elementor-element-498ca7d e-con-full elementor-hidden-tablet elementor-hidden-mobile e-flex e-con e-child\" data-id=\"498ca7d\" data-element_type=\"container\">\n\t\t\t\t<div class=\"elementor-element elementor-element-0265c51 elementor-widget elementor-widget-image\" data-id=\"0265c51\" data-element_type=\"widget\" data-widget_type=\"image.default\">\n\t\t\t\t<div class=\"elementor-widget-container\">\n\t\t\t\t\t\t\t\t\t\t\t\t\t\t\t<img decoding=\"async\" width=\"328\" height=\"342\" src=\"https:\/\/elisaconsulting.com\/wp-content\/uploads\/2024\/11\/logo_sophrologie.png\" class=\"attachment-large size-large wp-image-311\" alt=\"Elisa Cherian Vazquez - Elisa Consulting - Num\u00e9rologie - Sophrologie Cayc\u00e9dienne - 1010 Morges - Lausanne - Suisse - Sophrologie - arbre main\" srcset=\"https:\/\/elisaconsulting.com\/wp-content\/uploads\/2024\/11\/logo_sophrologie.png 328w, https:\/\/elisaconsulting.com\/wp-content\/uploads\/2024\/11\/logo_sophrologie-288x300.png 288w\" sizes=\"(max-width: 328px) 100vw, 328px\" \/>\t\t\t\t\t\t\t\t\t\t\t\t\t\t\t<\/div>\n\t\t\t\t<\/div>\n\t\t\t\t<\/div>\n\t\t<div class=\"elementor-element elementor-element-9fd2593 e-con-full e-flex e-con e-child\" data-id=\"9fd2593\" data-element_type=\"container\">\n\t\t\t\t<div class=\"elementor-element elementor-element-b541f73 elementor-widget elementor-widget-heading\" data-id=\"b541f73\" data-element_type=\"widget\" data-widget_type=\"heading.default\">\n\t\t\t\t<div class=\"elementor-widget-container\">\n\t\t\t\t\t<h2 class=\"elementor-heading-title elementor-size-default\">SOFROLOG\u00cdA<\/h2>\t\t\t\t<\/div>\n\t\t\t\t<\/div>\n\t\t\t\t<div class=\"elementor-element elementor-element-f38072c elementor-widget elementor-widget-text-editor\" data-id=\"f38072c\" data-element_type=\"widget\" data-widget_type=\"text-editor.default\">\n\t\t\t\t<div class=\"elementor-widget-container translation-block\">\u00bfTienes un prop\u00f3sito EN MENTE?<br>\n\u00bfDESEAS GESTIONAR MEJOR TU ESTR\u00c9S y TUS EMOCIONES? <br>\n\u00bfNECESITAS Restablecer EL equilibrio en tu vida?<br>\n\u00bfY si ahora es el momento de lograrlo?<\/div>\n\t\t\t\t<\/div>\n\t\t\t\t<div class=\"elementor-element elementor-element-8915802 elementor-widget elementor-widget-text-editor\" data-id=\"8915802\" data-element_type=\"widget\" data-widget_type=\"text-editor.default\">\n\t\t\t\t<div class=\"elementor-widget-container translation-block\">La\u00a0<span class=\"bold-vert\">SOFROLOG\u00cdA<\/span> es el m\u00e9todo de entrenamiento que te permitir\u00e1 alcanzar tus objetivos, fortalecer tus actitudes positivas en el d\u00eda a d\u00eda, gestionar tu estr\u00e9s y encontrar lo que tiene sentido para ti.<\/div>\n\t\t\t\t<\/div>\n\t\t\t\t<div class=\"elementor-element elementor-element-f77c4f5 elementor-align-left elementor-tablet-align-center elementor-widget elementor-widget-button\" data-id=\"f77c4f5\" data-element_type=\"widget\" data-widget_type=\"button.default\">\n\t\t\t\t<div class=\"elementor-widget-container\">\n\t\t\t\t\t\t\t\t\t<div class=\"elementor-button-wrapper\">\n\t\t\t\t\t<a class=\"elementor-button elementor-button-link elementor-size-sm\" href=\"https:\/\/elisaconsulting.com\/es\/sophrologie\/\">\n\t\t\t\t\t\t<span class=\"elementor-button-content-wrapper\">\n\t\t\t\t\t\t\t\t\t<span class=\"elementor-button-text\">SABER M\u00c1S<\/span>\n\t\t\t\t\t<\/span>\n\t\t\t\t\t<\/a>\n\t\t\t\t<\/div>\n\t\t\t\t\t\t\t\t<\/div>\n\t\t\t\t<\/div>\n\t\t\t\t<\/div>\n\t\t\t\t<\/div>\n\t\t\t\t<\/div>","protected":false},"excerpt":{"rendered":"<p>ELISACONSULTING SOPHROLOGUE &amp;COACH EN NUM\u00c9ROLOGIE Je vous propose d\u2019explorer vos talents et vos potentiels, cultiver votre s\u00e9r\u00e9nit\u00e9 et votre bien-\u00eatre gr\u00e2ce \u00e0 la SOPHROLOGIE et \u00e0 la NUM\u00c9ROLOGIE. D\u00e9couvrons ensemble vos besoins et vos objectifs&#8230; \u00abCroire en soi c&rsquo;est d\u00e9j\u00e0 presque r\u00e9ussir\u00bbVictor Hugo ME CONTACTER +41 79 761 04 26 NUM\u00c9ROLOGIE Vous d\u00e9sirez mieux vous [&hellip;]<\/p>\n","protected":false},"author":1,"featured_media":0,"parent":0,"menu_order":0,"comment_status":"closed","ping_status":"closed","template":"","meta":{"ocean_post_layout":"","ocean_both_sidebars_style":"","ocean_both_sidebars_content_width":0,"ocean_both_sidebars_sidebars_width":0,"ocean_sidebar":"","ocean_second_sidebar":"","ocean_disable_margins":"enable","ocean_add_body_class":"","ocean_shortcode_before_top_bar":"","ocean_shortcode_after_top_bar":"","ocean_shortcode_before_header":"","ocean_shortcode_after_header":"","ocean_has_shortcode":"","ocean_shortcode_after_title":"","ocean_shortcode_before_footer_widgets":"","ocean_shortcode_after_footer_widgets":"","ocean_shortcode_before_footer_bottom":"","ocean_shortcode_after_footer_bottom":"","ocean_display_top_bar":"default","ocean_display_header":"default","ocean_header_style":"","ocean_center_header_left_menu":"","ocean_custom_header_template":"","ocean_custom_logo":0,"ocean_custom_retina_logo":0,"ocean_custom_logo_max_width":0,"ocean_custom_logo_tablet_max_width":0,"ocean_custom_logo_mobile_max_width":0,"ocean_custom_logo_max_height":0,"ocean_custom_logo_tablet_max_height":0,"ocean_custom_logo_mobile_max_height":0,"ocean_header_custom_menu":"","ocean_menu_typo_font_family":"","ocean_menu_typo_font_subset":"","ocean_menu_typo_font_size":0,"ocean_menu_typo_font_size_tablet":0,"ocean_menu_typo_font_size_mobile":0,"ocean_menu_typo_font_size_unit":"px","ocean_menu_typo_font_weight":"","ocean_menu_typo_font_weight_tablet":"","ocean_menu_typo_font_weight_mobile":"","ocean_menu_typo_transform":"","ocean_menu_typo_transform_tablet":"","ocean_menu_typo_transform_mobile":"","ocean_menu_typo_line_height":0,"ocean_menu_typo_line_height_tablet":0,"ocean_menu_typo_line_height_mobile":0,"ocean_menu_typo_line_height_unit":"","ocean_menu_typo_spacing":0,"ocean_menu_typo_spacing_tablet":0,"ocean_menu_typo_spacing_mobile":0,"ocean_menu_typo_spacing_unit":"","ocean_menu_link_color":"","ocean_menu_link_color_hover":"","ocean_menu_link_color_active":"","ocean_menu_link_background":"","ocean_menu_link_hover_background":"","ocean_menu_link_active_background":"","ocean_menu_social_links_bg":"","ocean_menu_social_hover_links_bg":"","ocean_menu_social_links_color":"","ocean_menu_social_hover_links_color":"","ocean_disable_title":"on","ocean_disable_heading":"default","ocean_post_title":"","ocean_post_subheading":"","ocean_post_title_style":"","ocean_post_title_background_color":"","ocean_post_title_background":0,"ocean_post_title_bg_image_position":"","ocean_post_title_bg_image_attachment":"","ocean_post_title_bg_image_repeat":"","ocean_post_title_bg_image_size":"","ocean_post_title_height":0,"ocean_post_title_bg_overlay":0.5,"ocean_post_title_bg_overlay_color":"","ocean_disable_breadcrumbs":"default","ocean_breadcrumbs_color":"","ocean_breadcrumbs_separator_color":"","ocean_breadcrumbs_links_color":"","ocean_breadcrumbs_links_hover_color":"","ocean_display_footer_widgets":"default","ocean_display_footer_bottom":"default","ocean_custom_footer_template":"","iawp_total_views":520,"footnotes":""},"class_list":["post-25","page","type-page","status-publish","hentry","entry"],"yoast_head":"<!-- This site is optimized with the Yoast SEO plugin v27.4 - https:\/\/yoast.com\/product\/yoast-seo-wordpress\/ -->\n<title>Accueil - elisaconsulting.com<\/title>\n<meta name=\"robots\" content=\"index, follow, max-snippet:-1, max-image-preview:large, max-video-preview:-1\" \/>\n<link rel=\"canonical\" href=\"https:\/\/elisaconsulting.com\/es\/\" \/>\n<meta property=\"og:locale\" content=\"es_ES\" \/>\n<meta property=\"og:type\" content=\"article\" \/>\n<meta property=\"og:title\" content=\"Accueil - elisaconsulting.com\" \/>\n<meta property=\"og:description\" content=\"ELISACONSULTING SOPHROLOGUE &amp;COACH EN NUM\u00c9ROLOGIE Je vous propose d\u2019explorer vos talents et vos potentiels, cultiver votre s\u00e9r\u00e9nit\u00e9 et votre bien-\u00eatre gr\u00e2ce \u00e0 la SOPHROLOGIE et \u00e0 la NUM\u00c9ROLOGIE. D\u00e9couvrons ensemble vos besoins et vos objectifs&#8230; \u00abCroire en soi c&rsquo;est d\u00e9j\u00e0 presque r\u00e9ussir\u00bbVictor Hugo ME CONTACTER +41 79 761 04 26 NUM\u00c9ROLOGIE Vous d\u00e9sirez mieux vous [&hellip;]\" \/>\n<meta property=\"og:url\" content=\"https:\/\/elisaconsulting.com\/es\/\" \/>\n<meta property=\"og:site_name\" content=\"elisaconsulting.com\" \/>\n<meta property=\"article:modified_time\" content=\"2025-04-30T15:28:49+00:00\" \/>\n<meta property=\"og:image\" content=\"https:\/\/elisaconsulting.com\/wp-content\/uploads\/2024\/09\/Elisa-detouree-light.png\" \/>\n\t<meta property=\"og:image:width\" content=\"600\" \/>\n\t<meta property=\"og:image:height\" content=\"762\" \/>\n\t<meta property=\"og:image:type\" content=\"image\/png\" \/>\n<meta name=\"twitter:card\" content=\"summary_large_image\" \/>\n<meta name=\"twitter:label1\" content=\"Tiempo de lectura\" \/>\n\t<meta name=\"twitter:data1\" content=\"2 minutos\" \/>\n<script type=\"application\/ld+json\" class=\"yoast-schema-graph\">{\"@context\":\"https:\\\/\\\/schema.org\",\"@graph\":[{\"@type\":\"WebPage\",\"@id\":\"https:\\\/\\\/elisaconsulting.com\\\/\",\"url\":\"https:\\\/\\\/elisaconsulting.com\\\/\",\"name\":\"Accueil - elisaconsulting.com\",\"isPartOf\":{\"@id\":\"https:\\\/\\\/elisaconsulting.com\\\/#website\"},\"primaryImageOfPage\":{\"@id\":\"https:\\\/\\\/elisaconsulting.com\\\/#primaryimage\"},\"image\":{\"@id\":\"https:\\\/\\\/elisaconsulting.com\\\/#primaryimage\"},\"thumbnailUrl\":\"https:\\\/\\\/elisaconsulting.com\\\/wp-content\\\/uploads\\\/2024\\\/09\\\/Elisa-detouree-light.png\",\"datePublished\":\"2024-09-13T12:38:57+00:00\",\"dateModified\":\"2025-04-30T15:28:49+00:00\",\"breadcrumb\":{\"@id\":\"https:\\\/\\\/elisaconsulting.com\\\/#breadcrumb\"},\"inLanguage\":\"es\",\"potentialAction\":[{\"@type\":\"ReadAction\",\"target\":[\"https:\\\/\\\/elisaconsulting.com\\\/\"]}]},{\"@type\":\"ImageObject\",\"inLanguage\":\"es\",\"@id\":\"https:\\\/\\\/elisaconsulting.com\\\/#primaryimage\",\"url\":\"https:\\\/\\\/elisaconsulting.com\\\/wp-content\\\/uploads\\\/2024\\\/09\\\/Elisa-detouree-light.png\",\"contentUrl\":\"https:\\\/\\\/elisaconsulting.com\\\/wp-content\\\/uploads\\\/2024\\\/09\\\/Elisa-detouree-light.png\"},{\"@type\":\"BreadcrumbList\",\"@id\":\"https:\\\/\\\/elisaconsulting.com\\\/#breadcrumb\",\"itemListElement\":[{\"@type\":\"ListItem\",\"position\":1,\"name\":\"Accueil\",\"item\":\"https:\\\/\\\/elisaconsulting.com\\\/\"},{\"@type\":\"ListItem\",\"position\":2,\"name\":\"Accueil\"}]},{\"@type\":\"WebSite\",\"@id\":\"https:\\\/\\\/elisaconsulting.com\\\/#website\",\"url\":\"https:\\\/\\\/elisaconsulting.com\\\/\",\"name\":\"elisaconsulting.com\",\"description\":\"CONSULTANTE EN NUM\u00c9ROLOGIE &amp; SOPHROLOGIE CAYC\u00c9DIENNE LAUSANNE SUISSE\",\"publisher\":{\"@id\":\"https:\\\/\\\/elisaconsulting.com\\\/#\\\/schema\\\/person\\\/e6ccc0cacce16a3d08a6de4e2bef65d1\"},\"potentialAction\":[{\"@type\":\"SearchAction\",\"target\":{\"@type\":\"EntryPoint\",\"urlTemplate\":\"https:\\\/\\\/elisaconsulting.com\\\/?s={search_term_string}\"},\"query-input\":{\"@type\":\"PropertyValueSpecification\",\"valueRequired\":true,\"valueName\":\"search_term_string\"}}],\"inLanguage\":\"es\"},{\"@type\":[\"Person\",\"Organization\"],\"@id\":\"https:\\\/\\\/elisaconsulting.com\\\/#\\\/schema\\\/person\\\/e6ccc0cacce16a3d08a6de4e2bef65d1\",\"name\":\"elisaconsulting.com\",\"image\":{\"@type\":\"ImageObject\",\"inLanguage\":\"es\",\"@id\":\"https:\\\/\\\/elisaconsulting.com\\\/wp-content\\\/uploads\\\/2024\\\/11\\\/logo-elisa.png\",\"url\":\"https:\\\/\\\/elisaconsulting.com\\\/wp-content\\\/uploads\\\/2024\\\/11\\\/logo-elisa.png\",\"contentUrl\":\"https:\\\/\\\/elisaconsulting.com\\\/wp-content\\\/uploads\\\/2024\\\/11\\\/logo-elisa.png\",\"width\":589,\"height\":376,\"caption\":\"elisaconsulting.com\"},\"logo\":{\"@id\":\"https:\\\/\\\/elisaconsulting.com\\\/wp-content\\\/uploads\\\/2024\\\/11\\\/logo-elisa.png\"},\"sameAs\":[\"http:\\\/\\\/elisaconsulting.com\"]}]}<\/script>\n<!-- \/ Yoast SEO plugin. -->","yoast_head_json":{"title":"Accueil - elisaconsulting.com","robots":{"index":"index","follow":"follow","max-snippet":"max-snippet:-1","max-image-preview":"max-image-preview:large","max-video-preview":"max-video-preview:-1"},"canonical":"https:\/\/elisaconsulting.com\/es\/","og_locale":"es_ES","og_type":"article","og_title":"Accueil - elisaconsulting.com","og_description":"ELISACONSULTING SOPHROLOGUE &amp;COACH EN NUM\u00c9ROLOGIE Je vous propose d\u2019explorer vos talents et vos potentiels, cultiver votre s\u00e9r\u00e9nit\u00e9 et votre bien-\u00eatre gr\u00e2ce \u00e0 la SOPHROLOGIE et \u00e0 la NUM\u00c9ROLOGIE. D\u00e9couvrons ensemble vos besoins et vos objectifs&#8230; \u00abCroire en soi c&rsquo;est d\u00e9j\u00e0 presque r\u00e9ussir\u00bbVictor Hugo ME CONTACTER +41 79 761 04 26 NUM\u00c9ROLOGIE Vous d\u00e9sirez mieux vous [&hellip;]","og_url":"https:\/\/elisaconsulting.com\/es\/","og_site_name":"elisaconsulting.com","article_modified_time":"2025-04-30T15:28:49+00:00","og_image":[{"width":600,"height":762,"url":"https:\/\/elisaconsulting.com\/wp-content\/uploads\/2024\/09\/Elisa-detouree-light.png","type":"image\/png"}],"twitter_card":"summary_large_image","twitter_misc":{"Tiempo de lectura":"2 minutos"},"schema":{"@context":"https:\/\/schema.org","@graph":[{"@type":"WebPage","@id":"https:\/\/elisaconsulting.com\/","url":"https:\/\/elisaconsulting.com\/","name":"Accueil - elisaconsulting.com","isPartOf":{"@id":"https:\/\/elisaconsulting.com\/#website"},"primaryImageOfPage":{"@id":"https:\/\/elisaconsulting.com\/#primaryimage"},"image":{"@id":"https:\/\/elisaconsulting.com\/#primaryimage"},"thumbnailUrl":"https:\/\/elisaconsulting.com\/wp-content\/uploads\/2024\/09\/Elisa-detouree-light.png","datePublished":"2024-09-13T12:38:57+00:00","dateModified":"2025-04-30T15:28:49+00:00","breadcrumb":{"@id":"https:\/\/elisaconsulting.com\/#breadcrumb"},"inLanguage":"es","potentialAction":[{"@type":"ReadAction","target":["https:\/\/elisaconsulting.com\/"]}]},{"@type":"ImageObject","inLanguage":"es","@id":"https:\/\/elisaconsulting.com\/#primaryimage","url":"https:\/\/elisaconsulting.com\/wp-content\/uploads\/2024\/09\/Elisa-detouree-light.png","contentUrl":"https:\/\/elisaconsulting.com\/wp-content\/uploads\/2024\/09\/Elisa-detouree-light.png"},{"@type":"BreadcrumbList","@id":"https:\/\/elisaconsulting.com\/#breadcrumb","itemListElement":[{"@type":"ListItem","position":1,"name":"Accueil","item":"https:\/\/elisaconsulting.com\/"},{"@type":"ListItem","position":2,"name":"Accueil"}]},{"@type":"WebSite","@id":"https:\/\/elisaconsulting.com\/#website","url":"https:\/\/elisaconsulting.com\/","name":"elisaconsulting.com","description":"CONSULTANTE EN NUM\u00c9ROLOGIE &amp; SOPHROLOGIE CAYC\u00c9DIENNE LAUSANNE SUISSE","publisher":{"@id":"https:\/\/elisaconsulting.com\/#\/schema\/person\/e6ccc0cacce16a3d08a6de4e2bef65d1"},"potentialAction":[{"@type":"SearchAction","target":{"@type":"EntryPoint","urlTemplate":"https:\/\/elisaconsulting.com\/?s={search_term_string}"},"query-input":{"@type":"PropertyValueSpecification","valueRequired":true,"valueName":"search_term_string"}}],"inLanguage":"es"},{"@type":["Person","Organization"],"@id":"https:\/\/elisaconsulting.com\/#\/schema\/person\/e6ccc0cacce16a3d08a6de4e2bef65d1","name":"elisaconsulting.com","image":{"@type":"ImageObject","inLanguage":"es","@id":"https:\/\/elisaconsulting.com\/wp-content\/uploads\/2024\/11\/logo-elisa.png","url":"https:\/\/elisaconsulting.com\/wp-content\/uploads\/2024\/11\/logo-elisa.png","contentUrl":"https:\/\/elisaconsulting.com\/wp-content\/uploads\/2024\/11\/logo-elisa.png","width":589,"height":376,"caption":"elisaconsulting.com"},"logo":{"@id":"https:\/\/elisaconsulting.com\/wp-content\/uploads\/2024\/11\/logo-elisa.png"},"sameAs":["http:\/\/elisaconsulting.com"]}]}},"_links":{"self":[{"href":"https:\/\/elisaconsulting.com\/es\/wp-json\/wp\/v2\/pages\/25","targetHints":{"allow":["GET"]}}],"collection":[{"href":"https:\/\/elisaconsulting.com\/es\/wp-json\/wp\/v2\/pages"}],"about":[{"href":"https:\/\/elisaconsulting.com\/es\/wp-json\/wp\/v2\/types\/page"}],"author":[{"embeddable":true,"href":"https:\/\/elisaconsulting.com\/es\/wp-json\/wp\/v2\/users\/1"}],"replies":[{"embeddable":true,"href":"https:\/\/elisaconsulting.com\/es\/wp-json\/wp\/v2\/comments?post=25"}],"version-history":[{"count":275,"href":"https:\/\/elisaconsulting.com\/es\/wp-json\/wp\/v2\/pages\/25\/revisions"}],"predecessor-version":[{"id":1148,"href":"https:\/\/elisaconsulting.com\/es\/wp-json\/wp\/v2\/pages\/25\/revisions\/1148"}],"wp:attachment":[{"href":"https:\/\/elisaconsulting.com\/es\/wp-json\/wp\/v2\/media?parent=25"}],"curies":[{"name":"wp","href":"https:\/\/api.w.org\/{rel}","templated":true}]}}