{"id":27,"date":"2024-09-13T14:39:47","date_gmt":"2024-09-13T12:39:47","guid":{"rendered":"https:\/\/elisaconsulting.com\/?page_id=27"},"modified":"2025-05-01T16:48:41","modified_gmt":"2025-05-01T14:48:41","slug":"elisa","status":"publish","type":"page","link":"https:\/\/elisaconsulting.com\/es\/elisa\/","title":{"rendered":"Elisa"},"content":{"rendered":"<div data-elementor-type=\"wp-page\" data-elementor-id=\"27\" class=\"elementor elementor-27\">\n\t\t\t\t<div class=\"elementor-element elementor-element-6d73229 e-flex e-con-boxed e-con e-parent\" data-id=\"6d73229\" data-element_type=\"container\" data-settings=\"{&quot;background_background&quot;:&quot;classic&quot;}\">\n\t\t\t\t\t<div class=\"e-con-inner\">\n\t\t<div class=\"elementor-element elementor-element-1ce2d59 e-con-full e-flex e-con e-child\" data-id=\"1ce2d59\" data-element_type=\"container\" data-settings=\"{&quot;background_background&quot;:&quot;classic&quot;}\">\n\t\t\t\t<div class=\"elementor-element elementor-element-a5b97e4 elementor-widget elementor-widget-image\" data-id=\"a5b97e4\" data-element_type=\"widget\" data-widget_type=\"image.default\">\n\t\t\t\t<div class=\"elementor-widget-container\">\n\t\t\t\t\t\t\t\t\t\t\t\t\t\t\t<img fetchpriority=\"high\" decoding=\"async\" width=\"500\" height=\"641\" src=\"https:\/\/elisaconsulting.com\/wp-content\/uploads\/2024\/11\/elisa_saule-pleureur.jpg\" class=\"attachment-large size-large wp-image-539\" alt=\"Elisa Cherian Vazquez - Elisa Consulting - Num\u00e9rologie - Sophrologie Cayc\u00e9dienne - 1010 Morges - Lausanne - Suisse\" srcset=\"https:\/\/elisaconsulting.com\/wp-content\/uploads\/2024\/11\/elisa_saule-pleureur.jpg 500w, https:\/\/elisaconsulting.com\/wp-content\/uploads\/2024\/11\/elisa_saule-pleureur-234x300.jpg 234w\" sizes=\"(max-width: 500px) 100vw, 500px\" \/>\t\t\t\t\t\t\t\t\t\t\t\t\t\t\t<\/div>\n\t\t\t\t<\/div>\n\t\t\t\t<\/div>\n\t\t<div class=\"elementor-element elementor-element-e4a0d00 e-con-full e-flex e-con e-child\" data-id=\"e4a0d00\" data-element_type=\"container\">\n\t\t\t\t<div class=\"elementor-element elementor-element-4190803 elementor-widget elementor-widget-heading\" data-id=\"4190803\" data-element_type=\"widget\" data-widget_type=\"heading.default\">\n\t\t\t\t<div class=\"elementor-widget-container\">\n\t\t\t\t\t<h1 class=\"elementor-heading-title elementor-size-default translation-block\">\u00bfPor qu\u00e9<br>Elisa Consulting?<\/h1>\t\t\t\t<\/div>\n\t\t\t\t<\/div>\n\t\t\t\t<div class=\"elementor-element elementor-element-e734cc2 elementor-widget elementor-widget-text-editor\" data-id=\"e734cc2\" data-element_type=\"widget\" data-widget_type=\"text-editor.default\">\n\t\t\t\t<div class=\"elementor-widget-container\">\n\t\t\t\t\t\t\t\t\tLa creaci\u00f3n de<span class=\"bold-rose\">\u00a0ELISA CONSULTING<\/span> surge de una necesidad fundamental de compartir mi experiencia y entusiasmo por la Numerolog\u00eda y la Sofrolog\u00eda. Estas disciplinas me han permitido conocerme mejor, alimentar mis necesidades y talentos, fortalecer la confianza en mis capacidades y cultivar d\u00eda a d\u00eda un equilibrio arm\u00f3nico entre cuerpo y mente.\n<br><br>\nMi trayectoria profesional me ha brindado una valiosa experiencia en el \u00e1mbito de las relaciones humanas, tanto en el trato con clientes como en la gesti\u00f3n de equipos.\nDesde muy temprano me sorprendi\u00f3 que me confiaran responsabilidades importantes, y fue gracias a la Numerolog\u00eda que comprend\u00ed el sentido de ese recorrido profesional.\n<br><br>\nParalelamente, he complementado mi camino con formaciones en Reflexolog\u00eda, PNL (Programaci\u00f3n Neuroling\u00fc\u00edstica), Hipnosis y Autohipnosis, Comunicaci\u00f3n No Violenta, Cuidados Energ\u00e9ticos, en Sofrolog\u00eda y Numerolog\u00eda. Este impulso constante por aprender y transmitir forma parte esencial de qui\u00e9n soy, y ha sido a trav\u00e9s de la profundizaci\u00f3n de mis valores con la sofrolog\u00eda que he llegado a comprenderlo profundamente.\n<br><br>\n<span class=\"bold-rose\">\u00a0ELISA CONSULTING<\/span> es la expresi\u00f3n de mi deseo m\u00e1s profundo: acompa\u00f1ar a las personas en su proceso de autodescubrimiento, ayudarlas a respetar sus necesidades y valores, y guiarlas para que desarrollen todo su potencial.\n<br><br>\nEstoy convencida de que todos tenemos dentro los recursos necesarios para construir una vida alineada con nuestras aspiraciones.\n<br><br>\nCada uno es el art\u00edfice de su propio destino.\t\t\t\t\t\t\t\t<\/div>\n\t\t\t\t<\/div>\n\t\t\t\t<\/div>\n\t\t\t\t\t<\/div>\n\t\t\t\t<\/div>\n\t\t<div class=\"elementor-element elementor-element-89976f9 e-flex e-con-boxed e-con e-parent\" data-id=\"89976f9\" data-element_type=\"container\" data-settings=\"{&quot;background_background&quot;:&quot;classic&quot;}\">\n\t\t\t\t\t<div class=\"e-con-inner\">\n\t\t\t\t<div class=\"elementor-element elementor-element-a8bd417 elementor-widget__width-inherit elementor-widget elementor-widget-text-editor\" data-id=\"a8bd417\" data-element_type=\"widget\" data-widget_type=\"text-editor.default\">\n\t\t\t\t<div class=\"elementor-widget-container\">\n\t\t\t\t\t\t\t\t\t\u00abLa vida se aclara cuando silenciamos el ruido exterior y escuchamos la voz serena de nuestra alma.\u00bb<br><span style=\"font-size: 15px;\">Albert Einstein<\/span>\t\t\t\t\t\t\t\t<\/div>\n\t\t\t\t<\/div>\n\t\t\t\t\t<\/div>\n\t\t\t\t<\/div>\n\t\t\t\t<\/div>","protected":false},"excerpt":{"rendered":"<p>PourquoiElisa CONSULTING\u00a0? La cr\u00e9ation d&rsquo;ELISA CONSULTING d\u00e9coule d&rsquo;un besoin fondamental de partager mon exp\u00e9rience et mon enthousiasme pour la Num\u00e9rologie et la Sophrologie. Ces disciplines m&rsquo;ont permis de mieux me conna\u00eetre, de nourrir mes besoins et mes talents, de renforcer ma confiance en mes capacit\u00e9s, et de cultiver un \u00e9quilibre harmonieux entre le corps et [&hellip;]<\/p>\n","protected":false},"author":1,"featured_media":0,"parent":0,"menu_order":0,"comment_status":"closed","ping_status":"closed","template":"","meta":{"ocean_post_layout":"","ocean_both_sidebars_style":"","ocean_both_sidebars_content_width":0,"ocean_both_sidebars_sidebars_width":0,"ocean_sidebar":"","ocean_second_sidebar":"","ocean_disable_margins":"enable","ocean_add_body_class":"","ocean_shortcode_before_top_bar":"","ocean_shortcode_after_top_bar":"","ocean_shortcode_before_header":"","ocean_shortcode_after_header":"","ocean_has_shortcode":"","ocean_shortcode_after_title":"","ocean_shortcode_before_footer_widgets":"","ocean_shortcode_after_footer_widgets":"","ocean_shortcode_before_footer_bottom":"","ocean_shortcode_after_footer_bottom":"","ocean_display_top_bar":"default","ocean_display_header":"default","ocean_header_style":"","ocean_center_header_left_menu":"","ocean_custom_header_template":"","ocean_custom_logo":0,"ocean_custom_retina_logo":0,"ocean_custom_logo_max_width":0,"ocean_custom_logo_tablet_max_width":0,"ocean_custom_logo_mobile_max_width":0,"ocean_custom_logo_max_height":0,"ocean_custom_logo_tablet_max_height":0,"ocean_custom_logo_mobile_max_height":0,"ocean_header_custom_menu":"","ocean_menu_typo_font_family":"","ocean_menu_typo_font_subset":"","ocean_menu_typo_font_size":0,"ocean_menu_typo_font_size_tablet":0,"ocean_menu_typo_font_size_mobile":0,"ocean_menu_typo_font_size_unit":"px","ocean_menu_typo_font_weight":"","ocean_menu_typo_font_weight_tablet":"","ocean_menu_typo_font_weight_mobile":"","ocean_menu_typo_transform":"","ocean_menu_typo_transform_tablet":"","ocean_menu_typo_transform_mobile":"","ocean_menu_typo_line_height":0,"ocean_menu_typo_line_height_tablet":0,"ocean_menu_typo_line_height_mobile":0,"ocean_menu_typo_line_height_unit":"","ocean_menu_typo_spacing":0,"ocean_menu_typo_spacing_tablet":0,"ocean_menu_typo_spacing_mobile":0,"ocean_menu_typo_spacing_unit":"","ocean_menu_link_color":"","ocean_menu_link_color_hover":"","ocean_menu_link_color_active":"","ocean_menu_link_background":"","ocean_menu_link_hover_background":"","ocean_menu_link_active_background":"","ocean_menu_social_links_bg":"","ocean_menu_social_hover_links_bg":"","ocean_menu_social_links_color":"","ocean_menu_social_hover_links_color":"","ocean_disable_title":"default","ocean_disable_heading":"default","ocean_post_title":"","ocean_post_subheading":"","ocean_post_title_style":"","ocean_post_title_background_color":"","ocean_post_title_background":0,"ocean_post_title_bg_image_position":"","ocean_post_title_bg_image_attachment":"","ocean_post_title_bg_image_repeat":"","ocean_post_title_bg_image_size":"","ocean_post_title_height":0,"ocean_post_title_bg_overlay":0.5,"ocean_post_title_bg_overlay_color":"","ocean_disable_breadcrumbs":"default","ocean_breadcrumbs_color":"","ocean_breadcrumbs_separator_color":"","ocean_breadcrumbs_links_color":"","ocean_breadcrumbs_links_hover_color":"","ocean_display_footer_widgets":"default","ocean_display_footer_bottom":"default","ocean_custom_footer_template":"","iawp_total_views":185,"footnotes":""},"class_list":["post-27","page","type-page","status-publish","hentry","entry"],"yoast_head":"<!-- This site is optimized with the Yoast SEO plugin v27.4 - https:\/\/yoast.com\/product\/yoast-seo-wordpress\/ -->\n<title>Elisa - elisaconsulting.com<\/title>\n<meta name=\"robots\" content=\"index, follow, max-snippet:-1, max-image-preview:large, max-video-preview:-1\" \/>\n<link rel=\"canonical\" href=\"https:\/\/elisaconsulting.com\/es\/elisa\/\" \/>\n<meta property=\"og:locale\" content=\"es_ES\" \/>\n<meta property=\"og:type\" content=\"article\" \/>\n<meta property=\"og:title\" content=\"Elisa - elisaconsulting.com\" \/>\n<meta property=\"og:description\" content=\"PourquoiElisa CONSULTING\u00a0? La cr\u00e9ation d&rsquo;ELISA CONSULTING d\u00e9coule d&rsquo;un besoin fondamental de partager mon exp\u00e9rience et mon enthousiasme pour la Num\u00e9rologie et la Sophrologie. Ces disciplines m&rsquo;ont permis de mieux me conna\u00eetre, de nourrir mes besoins et mes talents, de renforcer ma confiance en mes capacit\u00e9s, et de cultiver un \u00e9quilibre harmonieux entre le corps et [&hellip;]\" \/>\n<meta property=\"og:url\" content=\"https:\/\/elisaconsulting.com\/es\/elisa\/\" \/>\n<meta property=\"og:site_name\" content=\"elisaconsulting.com\" \/>\n<meta property=\"article:modified_time\" content=\"2025-05-01T14:48:41+00:00\" \/>\n<meta property=\"og:image\" content=\"https:\/\/elisaconsulting.com\/wp-content\/uploads\/2024\/11\/elisa_saule-pleureur.jpg\" \/>\n\t<meta property=\"og:image:width\" content=\"500\" \/>\n\t<meta property=\"og:image:height\" content=\"641\" \/>\n\t<meta property=\"og:image:type\" content=\"image\/jpeg\" \/>\n<meta name=\"twitter:card\" content=\"summary_large_image\" \/>\n<meta name=\"twitter:label1\" content=\"Tiempo de lectura\" \/>\n\t<meta name=\"twitter:data1\" content=\"2 minutos\" \/>\n<script type=\"application\/ld+json\" class=\"yoast-schema-graph\">{\"@context\":\"https:\\\/\\\/schema.org\",\"@graph\":[{\"@type\":\"WebPage\",\"@id\":\"https:\\\/\\\/elisaconsulting.com\\\/elisa\\\/\",\"url\":\"https:\\\/\\\/elisaconsulting.com\\\/elisa\\\/\",\"name\":\"Elisa - elisaconsulting.com\",\"isPartOf\":{\"@id\":\"https:\\\/\\\/elisaconsulting.com\\\/#website\"},\"primaryImageOfPage\":{\"@id\":\"https:\\\/\\\/elisaconsulting.com\\\/elisa\\\/#primaryimage\"},\"image\":{\"@id\":\"https:\\\/\\\/elisaconsulting.com\\\/elisa\\\/#primaryimage\"},\"thumbnailUrl\":\"https:\\\/\\\/elisaconsulting.com\\\/wp-content\\\/uploads\\\/2024\\\/11\\\/elisa_saule-pleureur.jpg\",\"datePublished\":\"2024-09-13T12:39:47+00:00\",\"dateModified\":\"2025-05-01T14:48:41+00:00\",\"breadcrumb\":{\"@id\":\"https:\\\/\\\/elisaconsulting.com\\\/elisa\\\/#breadcrumb\"},\"inLanguage\":\"es\",\"potentialAction\":[{\"@type\":\"ReadAction\",\"target\":[\"https:\\\/\\\/elisaconsulting.com\\\/elisa\\\/\"]}]},{\"@type\":\"ImageObject\",\"inLanguage\":\"es\",\"@id\":\"https:\\\/\\\/elisaconsulting.com\\\/elisa\\\/#primaryimage\",\"url\":\"https:\\\/\\\/elisaconsulting.com\\\/wp-content\\\/uploads\\\/2024\\\/11\\\/elisa_saule-pleureur.jpg\",\"contentUrl\":\"https:\\\/\\\/elisaconsulting.com\\\/wp-content\\\/uploads\\\/2024\\\/11\\\/elisa_saule-pleureur.jpg\"},{\"@type\":\"BreadcrumbList\",\"@id\":\"https:\\\/\\\/elisaconsulting.com\\\/elisa\\\/#breadcrumb\",\"itemListElement\":[{\"@type\":\"ListItem\",\"position\":1,\"name\":\"Accueil\",\"item\":\"https:\\\/\\\/elisaconsulting.com\\\/\"},{\"@type\":\"ListItem\",\"position\":2,\"name\":\"Elisa\"}]},{\"@type\":\"WebSite\",\"@id\":\"https:\\\/\\\/elisaconsulting.com\\\/#website\",\"url\":\"https:\\\/\\\/elisaconsulting.com\\\/\",\"name\":\"elisaconsulting.com\",\"description\":\"CONSULTANTE EN NUM\u00c9ROLOGIE &amp; SOPHROLOGIE CAYC\u00c9DIENNE LAUSANNE SUISSE\",\"publisher\":{\"@id\":\"https:\\\/\\\/elisaconsulting.com\\\/#\\\/schema\\\/person\\\/e6ccc0cacce16a3d08a6de4e2bef65d1\"},\"potentialAction\":[{\"@type\":\"SearchAction\",\"target\":{\"@type\":\"EntryPoint\",\"urlTemplate\":\"https:\\\/\\\/elisaconsulting.com\\\/?s={search_term_string}\"},\"query-input\":{\"@type\":\"PropertyValueSpecification\",\"valueRequired\":true,\"valueName\":\"search_term_string\"}}],\"inLanguage\":\"es\"},{\"@type\":[\"Person\",\"Organization\"],\"@id\":\"https:\\\/\\\/elisaconsulting.com\\\/#\\\/schema\\\/person\\\/e6ccc0cacce16a3d08a6de4e2bef65d1\",\"name\":\"elisaconsulting.com\",\"image\":{\"@type\":\"ImageObject\",\"inLanguage\":\"es\",\"@id\":\"https:\\\/\\\/elisaconsulting.com\\\/wp-content\\\/uploads\\\/2024\\\/11\\\/logo-elisa.png\",\"url\":\"https:\\\/\\\/elisaconsulting.com\\\/wp-content\\\/uploads\\\/2024\\\/11\\\/logo-elisa.png\",\"contentUrl\":\"https:\\\/\\\/elisaconsulting.com\\\/wp-content\\\/uploads\\\/2024\\\/11\\\/logo-elisa.png\",\"width\":589,\"height\":376,\"caption\":\"elisaconsulting.com\"},\"logo\":{\"@id\":\"https:\\\/\\\/elisaconsulting.com\\\/wp-content\\\/uploads\\\/2024\\\/11\\\/logo-elisa.png\"},\"sameAs\":[\"http:\\\/\\\/elisaconsulting.com\"]}]}<\/script>\n<!-- \/ Yoast SEO plugin. -->","yoast_head_json":{"title":"Elisa - elisaconsulting.com","robots":{"index":"index","follow":"follow","max-snippet":"max-snippet:-1","max-image-preview":"max-image-preview:large","max-video-preview":"max-video-preview:-1"},"canonical":"https:\/\/elisaconsulting.com\/es\/elisa\/","og_locale":"es_ES","og_type":"article","og_title":"Elisa - elisaconsulting.com","og_description":"PourquoiElisa CONSULTING\u00a0? La cr\u00e9ation d&rsquo;ELISA CONSULTING d\u00e9coule d&rsquo;un besoin fondamental de partager mon exp\u00e9rience et mon enthousiasme pour la Num\u00e9rologie et la Sophrologie. Ces disciplines m&rsquo;ont permis de mieux me conna\u00eetre, de nourrir mes besoins et mes talents, de renforcer ma confiance en mes capacit\u00e9s, et de cultiver un \u00e9quilibre harmonieux entre le corps et [&hellip;]","og_url":"https:\/\/elisaconsulting.com\/es\/elisa\/","og_site_name":"elisaconsulting.com","article_modified_time":"2025-05-01T14:48:41+00:00","og_image":[{"width":500,"height":641,"url":"https:\/\/elisaconsulting.com\/wp-content\/uploads\/2024\/11\/elisa_saule-pleureur.jpg","type":"image\/jpeg"}],"twitter_card":"summary_large_image","twitter_misc":{"Tiempo de lectura":"2 minutos"},"schema":{"@context":"https:\/\/schema.org","@graph":[{"@type":"WebPage","@id":"https:\/\/elisaconsulting.com\/elisa\/","url":"https:\/\/elisaconsulting.com\/elisa\/","name":"Elisa - elisaconsulting.com","isPartOf":{"@id":"https:\/\/elisaconsulting.com\/#website"},"primaryImageOfPage":{"@id":"https:\/\/elisaconsulting.com\/elisa\/#primaryimage"},"image":{"@id":"https:\/\/elisaconsulting.com\/elisa\/#primaryimage"},"thumbnailUrl":"https:\/\/elisaconsulting.com\/wp-content\/uploads\/2024\/11\/elisa_saule-pleureur.jpg","datePublished":"2024-09-13T12:39:47+00:00","dateModified":"2025-05-01T14:48:41+00:00","breadcrumb":{"@id":"https:\/\/elisaconsulting.com\/elisa\/#breadcrumb"},"inLanguage":"es","potentialAction":[{"@type":"ReadAction","target":["https:\/\/elisaconsulting.com\/elisa\/"]}]},{"@type":"ImageObject","inLanguage":"es","@id":"https:\/\/elisaconsulting.com\/elisa\/#primaryimage","url":"https:\/\/elisaconsulting.com\/wp-content\/uploads\/2024\/11\/elisa_saule-pleureur.jpg","contentUrl":"https:\/\/elisaconsulting.com\/wp-content\/uploads\/2024\/11\/elisa_saule-pleureur.jpg"},{"@type":"BreadcrumbList","@id":"https:\/\/elisaconsulting.com\/elisa\/#breadcrumb","itemListElement":[{"@type":"ListItem","position":1,"name":"Accueil","item":"https:\/\/elisaconsulting.com\/"},{"@type":"ListItem","position":2,"name":"Elisa"}]},{"@type":"WebSite","@id":"https:\/\/elisaconsulting.com\/#website","url":"https:\/\/elisaconsulting.com\/","name":"elisaconsulting.com","description":"CONSULTANTE EN NUM\u00c9ROLOGIE &amp; SOPHROLOGIE CAYC\u00c9DIENNE LAUSANNE SUISSE","publisher":{"@id":"https:\/\/elisaconsulting.com\/#\/schema\/person\/e6ccc0cacce16a3d08a6de4e2bef65d1"},"potentialAction":[{"@type":"SearchAction","target":{"@type":"EntryPoint","urlTemplate":"https:\/\/elisaconsulting.com\/?s={search_term_string}"},"query-input":{"@type":"PropertyValueSpecification","valueRequired":true,"valueName":"search_term_string"}}],"inLanguage":"es"},{"@type":["Person","Organization"],"@id":"https:\/\/elisaconsulting.com\/#\/schema\/person\/e6ccc0cacce16a3d08a6de4e2bef65d1","name":"elisaconsulting.com","image":{"@type":"ImageObject","inLanguage":"es","@id":"https:\/\/elisaconsulting.com\/wp-content\/uploads\/2024\/11\/logo-elisa.png","url":"https:\/\/elisaconsulting.com\/wp-content\/uploads\/2024\/11\/logo-elisa.png","contentUrl":"https:\/\/elisaconsulting.com\/wp-content\/uploads\/2024\/11\/logo-elisa.png","width":589,"height":376,"caption":"elisaconsulting.com"},"logo":{"@id":"https:\/\/elisaconsulting.com\/wp-content\/uploads\/2024\/11\/logo-elisa.png"},"sameAs":["http:\/\/elisaconsulting.com"]}]}},"_links":{"self":[{"href":"https:\/\/elisaconsulting.com\/es\/wp-json\/wp\/v2\/pages\/27","targetHints":{"allow":["GET"]}}],"collection":[{"href":"https:\/\/elisaconsulting.com\/es\/wp-json\/wp\/v2\/pages"}],"about":[{"href":"https:\/\/elisaconsulting.com\/es\/wp-json\/wp\/v2\/types\/page"}],"author":[{"embeddable":true,"href":"https:\/\/elisaconsulting.com\/es\/wp-json\/wp\/v2\/users\/1"}],"replies":[{"embeddable":true,"href":"https:\/\/elisaconsulting.com\/es\/wp-json\/wp\/v2\/comments?post=27"}],"version-history":[{"count":94,"href":"https:\/\/elisaconsulting.com\/es\/wp-json\/wp\/v2\/pages\/27\/revisions"}],"predecessor-version":[{"id":1178,"href":"https:\/\/elisaconsulting.com\/es\/wp-json\/wp\/v2\/pages\/27\/revisions\/1178"}],"wp:attachment":[{"href":"https:\/\/elisaconsulting.com\/es\/wp-json\/wp\/v2\/media?parent=27"}],"curies":[{"name":"wp","href":"https:\/\/api.w.org\/{rel}","templated":true}]}}