{"id":29,"date":"2024-09-13T14:40:29","date_gmt":"2024-09-13T12:40:29","guid":{"rendered":"https:\/\/elisaconsulting.com\/?page_id=29"},"modified":"2024-12-01T10:42:14","modified_gmt":"2024-12-01T09:42:14","slug":"numerologie","status":"publish","type":"page","link":"https:\/\/elisaconsulting.com\/es\/numerologie\/","title":{"rendered":"Numerolog\u00eda"},"content":{"rendered":"<div data-elementor-type=\"wp-page\" data-elementor-id=\"29\" class=\"elementor elementor-29\">\n\t\t\t\t<div class=\"elementor-element elementor-element-ff7946d e-con-full e-flex e-con e-parent\" data-id=\"ff7946d\" data-element_type=\"container\" data-settings=\"{&quot;background_background&quot;:&quot;classic&quot;}\">\n\t\t\t\t<div class=\"elementor-element elementor-element-ebd9f6c elementor-widget elementor-widget-heading\" data-id=\"ebd9f6c\" data-element_type=\"widget\" data-widget_type=\"heading.default\">\n\t\t\t\t<div class=\"elementor-widget-container\">\n\t\t\t\t\t<h1 class=\"elementor-heading-title elementor-size-default\">NUMEROLOG\u00cdA<\/h1>\t\t\t\t<\/div>\n\t\t\t\t<\/div>\n\t\t<div class=\"elementor-element elementor-element-e2fb3e8 e-con-full e-flex e-con e-child\" data-id=\"e2fb3e8\" data-element_type=\"container\">\n\t\t\t\t<div class=\"elementor-element elementor-element-a6c6b2d elementor-widget__width-initial elementor-widget elementor-widget-image\" data-id=\"a6c6b2d\" data-element_type=\"widget\" data-widget_type=\"image.default\">\n\t\t\t\t<div class=\"elementor-widget-container\">\n\t\t\t\t\t\t\t\t\t\t\t\t\t\t\t<img fetchpriority=\"high\" decoding=\"async\" width=\"409\" height=\"291\" src=\"https:\/\/elisaconsulting.com\/wp-content\/uploads\/2024\/11\/numerologie-cle.png\" class=\"attachment-large size-large wp-image-616\" alt=\"Elisa Cherian Vazquez - Elisa Consulting - Num\u00e9rologie - Sophrologie Cayc\u00e9dienne - 1010 Morges - Lausanne - Suisse - Num\u00e9rologie - cl\u00e9 de compr\u00e9hension\" srcset=\"https:\/\/elisaconsulting.com\/wp-content\/uploads\/2024\/11\/numerologie-cle.png 409w, https:\/\/elisaconsulting.com\/wp-content\/uploads\/2024\/11\/numerologie-cle-300x213.png 300w\" sizes=\"(max-width: 409px) 100vw, 409px\" \/>\t\t\t\t\t\t\t\t\t\t\t\t\t\t\t<\/div>\n\t\t\t\t<\/div>\n\t\t<div class=\"elementor-element elementor-element-2d83da1 e-con-full e-flex e-con e-child\" data-id=\"2d83da1\" data-element_type=\"container\">\n\t\t\t\t<div class=\"elementor-element elementor-element-538cb79 elementor-widget elementor-widget-heading\" data-id=\"538cb79\" data-element_type=\"widget\" data-widget_type=\"heading.default\">\n\t\t\t\t<div class=\"elementor-widget-container\">\n\t\t\t\t\t<h2 class=\"elementor-heading-title elementor-size-default translation-block\">\u00bfpara qu\u00e9 sirve<br>una consulta<br>de numerolog\u00eda?<\/h2>\t\t\t\t<\/div>\n\t\t\t\t<\/div>\n\t\t\t\t<div class=\"elementor-element elementor-element-92400af elementor-widget elementor-widget-text-editor\" data-id=\"92400af\" data-element_type=\"widget\" data-widget_type=\"text-editor.default\">\n\t\t\t\t<div class=\"elementor-widget-container translation-block\">Una consulta de numerolog\u00eda te permite descubrir qui\u00e9n eres realmente, cu\u00e1l es tu potencial, c\u00f3mo pueden evolucionar tus sue\u00f1os y aspiraciones, as\u00ed como identificar bloqueos y las claves para superarlos.<br>\nLa numerolog\u00eda es una poderosa herramienta para reconectar con tu energ\u00eda esencial. A menudo, confirma lo que ya intuyes en lo m\u00e1s profundo de ti, d\u00e1ndote claridad, confianza y direcci\u00f3n.<\/div>\n\t\t\t\t<\/div>\n\t\t\t\t<\/div>\n\t\t\t\t<\/div>\n\t\t\t\t<\/div>\n\t\t<div class=\"elementor-element elementor-element-682b233 e-con-full e-flex e-con e-parent\" data-id=\"682b233\" data-element_type=\"container\">\n\t\t<div class=\"elementor-element elementor-element-89a5dca e-con-full e-flex e-con e-child\" data-id=\"89a5dca\" data-element_type=\"container\">\n\t\t\t\t<div class=\"elementor-element elementor-element-7c89a09 elementor-widget elementor-widget-heading\" data-id=\"7c89a09\" data-element_type=\"widget\" data-widget_type=\"heading.default\">\n\t\t\t\t<div class=\"elementor-widget-container\">\n\t\t\t\t\t<h2 class=\"elementor-heading-title elementor-size-default translation-block\">La historia de los n\u00fameros<\/h2>\t\t\t\t<\/div>\n\t\t\t\t<\/div>\n\t\t\t\t<div class=\"elementor-element elementor-element-8ad7a5e elementor-widget elementor-widget-text-editor\" data-id=\"8ad7a5e\" data-element_type=\"widget\" data-widget_type=\"text-editor.default\">\n\t\t\t\t<div class=\"elementor-widget-container translation-block\">La historia de los n\u00fameros es tan antigua como fascinante. Desde tiempos remotos, diferentes civilizaciones han reconocido su poder y simbolismo.<br>\nPit\u00e1goras, considerado una de las grandes figuras de las matem\u00e1ticas en la antigua Grecia (siglo VI a.C.), sosten\u00eda que todo en el universo est\u00e1 regido por los n\u00fameros. Antes de \u00e9l, ya los sacerdotes egipcios los utilizaban, al igual que muchos fil\u00f3sofos griegos que ve\u00edan en los n\u00fameros una clave para entender la vida y el cosmos.<br>\nHoy no es necesario seguir una doctrina para beneficiarnos de su sabidur\u00eda. Los n\u00fameros pueden convertirse en aliados para conocernos mejor y orientarnos en nuestro camino personal.<\/div>\n\t\t\t\t<\/div>\n\t\t\t\t<\/div>\n\t\t\t\t<div class=\"elementor-element elementor-element-9f9d21d elementor-widget-tablet__width-initial elementor-widget elementor-widget-image\" data-id=\"9f9d21d\" data-element_type=\"widget\" data-widget_type=\"image.default\">\n\t\t\t\t<div class=\"elementor-widget-container\">\n\t\t\t\t\t\t\t\t\t\t\t\t\t\t\t<img decoding=\"async\" width=\"414\" height=\"307\" src=\"https:\/\/elisaconsulting.com\/wp-content\/uploads\/2024\/11\/numerologie-pythagore.png\" class=\"attachment-large size-large wp-image-679\" alt=\"Elisa Cherian Vazquez - Elisa Consulting - Num\u00e9rologie - Sophrologie Cayc\u00e9dienne - 1010 Morges - Lausanne - Suisse - Num\u00e9rologie - Pythagore\" srcset=\"https:\/\/elisaconsulting.com\/wp-content\/uploads\/2024\/11\/numerologie-pythagore.png 414w, https:\/\/elisaconsulting.com\/wp-content\/uploads\/2024\/11\/numerologie-pythagore-300x222.png 300w\" sizes=\"(max-width: 414px) 100vw, 414px\" \/>\t\t\t\t\t\t\t\t\t\t\t\t\t\t\t<\/div>\n\t\t\t\t<\/div>\n\t\t\t\t<\/div>\n\t\t<div class=\"elementor-element elementor-element-1bbf0fa e-con-full e-flex e-con e-parent\" data-id=\"1bbf0fa\" data-element_type=\"container\" data-settings=\"{&quot;background_background&quot;:&quot;classic&quot;}\">\n\t\t\t\t<div class=\"elementor-element elementor-element-07a8261 elementor-widget__width-initial elementor-widget elementor-widget-image\" data-id=\"07a8261\" data-element_type=\"widget\" data-widget_type=\"image.default\">\n\t\t\t\t<div class=\"elementor-widget-container\">\n\t\t\t\t\t\t\t\t\t\t\t\t\t\t\t<img decoding=\"async\" width=\"468\" height=\"314\" src=\"https:\/\/elisaconsulting.com\/wp-content\/uploads\/2024\/11\/numerologie-mains.png\" class=\"attachment-large size-large wp-image-654\" alt=\"Elisa Cherian Vazquez - Elisa Consulting - Num\u00e9rologie - Sophrologie Cayc\u00e9dienne - 1010 Morges - Lausanne - Suisse - Num\u00e9rologie mains\" srcset=\"https:\/\/elisaconsulting.com\/wp-content\/uploads\/2024\/11\/numerologie-mains.png 468w, https:\/\/elisaconsulting.com\/wp-content\/uploads\/2024\/11\/numerologie-mains-300x201.png 300w\" sizes=\"(max-width: 468px) 100vw, 468px\" \/>\t\t\t\t\t\t\t\t\t\t\t\t\t\t\t<\/div>\n\t\t\t\t<\/div>\n\t\t<div class=\"elementor-element elementor-element-1ed00a9 e-con-full e-flex e-con e-child\" data-id=\"1ed00a9\" data-element_type=\"container\">\n\t\t\t\t<div class=\"elementor-element elementor-element-4687298 elementor-widget elementor-widget-heading\" data-id=\"4687298\" data-element_type=\"widget\" data-widget_type=\"heading.default\">\n\t\t\t\t<div class=\"elementor-widget-container\">\n\t\t\t\t\t<h2 class=\"elementor-heading-title elementor-size-default translation-block\">\u00bfC\u00f3mo se prepara<br>una consulta<br>de numerolog\u00eda?<\/h2>\t\t\t\t<\/div>\n\t\t\t\t<\/div>\n\t\t\t\t<div class=\"elementor-element elementor-element-b93f2ee elementor-widget elementor-widget-text-editor\" data-id=\"b93f2ee\" data-element_type=\"widget\" data-widget_type=\"text-editor.default\">\n\t\t\t\t<div class=\"elementor-widget-container translation-block\">Para preparar tu consulta, necesitar\u00e9 algunos datos esenciales: tu fecha de nacimiento completa, as\u00ed como el nombre y apellido que ten\u00edas al nacer. A partir de esa informaci\u00f3n, realizar\u00e9 un trabajo previo que requiere varias horas de an\u00e1lisis personalizado. Es importante que sepas que eres \u00fanico: nadie m\u00e1s en el mundo posee exactamente la misma combinaci\u00f3n num\u00e9rica que t\u00fa al nacer. Durante nuestro encuentro, comenzaremos con una preparaci\u00f3n sofrol\u00f3gica para favorecer la concentraci\u00f3n, la calma y una mejor conexi\u00f3n contigo mismo. A continuaci\u00f3n, te presentar\u00e9 tu perfil numerol\u00f3gico de forma interactiva y participativa. Finalizaremos la sesi\u00f3n con una t\u00e9cnica de integraci\u00f3n sofrol\u00f3gica, que te ayudar\u00e1 a asimilar mejor lo vivido y descubierto. La duraci\u00f3n total de la sesi\u00f3n es de 1 hora a 1 hora y media, y al finalizar recibir\u00e1s un documento personalizado que resume y explica tu tem\u00e1tica numerol\u00f3gica.<\/div>\n\t\t\t\t<\/div>\n\t\t\t\t<\/div>\n\t\t\t\t<\/div>\n\t\t\t\t<\/div>","protected":false},"excerpt":{"rendered":"<p>NUM\u00c9ROLOGIE \u00e0 quoi sertune consultationen num\u00e9rologie ? Votre th\u00e8me vous d\u00e9voilera qui vous \u00eates, vos potentialit\u00e9s, l\u2019\u00e9volution que pourront prendre vos r\u00eaves et vos aspirations, les \u00e9l\u00e9ments de blocages et la mani\u00e8re de les d\u00e9passer. La Num\u00e9rologie est un des moyens de retrouver votre propre \u00e9nergie en ayant la confirmation de ce que vous savez [&hellip;]<\/p>\n","protected":false},"author":1,"featured_media":0,"parent":0,"menu_order":0,"comment_status":"closed","ping_status":"closed","template":"","meta":{"ocean_post_layout":"","ocean_both_sidebars_style":"","ocean_both_sidebars_content_width":0,"ocean_both_sidebars_sidebars_width":0,"ocean_sidebar":"","ocean_second_sidebar":"","ocean_disable_margins":"enable","ocean_add_body_class":"","ocean_shortcode_before_top_bar":"","ocean_shortcode_after_top_bar":"","ocean_shortcode_before_header":"","ocean_shortcode_after_header":"","ocean_has_shortcode":"","ocean_shortcode_after_title":"","ocean_shortcode_before_footer_widgets":"","ocean_shortcode_after_footer_widgets":"","ocean_shortcode_before_footer_bottom":"","ocean_shortcode_after_footer_bottom":"","ocean_display_top_bar":"default","ocean_display_header":"default","ocean_header_style":"","ocean_center_header_left_menu":"","ocean_custom_header_template":"","ocean_custom_logo":0,"ocean_custom_retina_logo":0,"ocean_custom_logo_max_width":0,"ocean_custom_logo_tablet_max_width":0,"ocean_custom_logo_mobile_max_width":0,"ocean_custom_logo_max_height":0,"ocean_custom_logo_tablet_max_height":0,"ocean_custom_logo_mobile_max_height":0,"ocean_header_custom_menu":"","ocean_menu_typo_font_family":"","ocean_menu_typo_font_subset":"","ocean_menu_typo_font_size":0,"ocean_menu_typo_font_size_tablet":0,"ocean_menu_typo_font_size_mobile":0,"ocean_menu_typo_font_size_unit":"px","ocean_menu_typo_font_weight":"","ocean_menu_typo_font_weight_tablet":"","ocean_menu_typo_font_weight_mobile":"","ocean_menu_typo_transform":"","ocean_menu_typo_transform_tablet":"","ocean_menu_typo_transform_mobile":"","ocean_menu_typo_line_height":0,"ocean_menu_typo_line_height_tablet":0,"ocean_menu_typo_line_height_mobile":0,"ocean_menu_typo_line_height_unit":"","ocean_menu_typo_spacing":0,"ocean_menu_typo_spacing_tablet":0,"ocean_menu_typo_spacing_mobile":0,"ocean_menu_typo_spacing_unit":"","ocean_menu_link_color":"","ocean_menu_link_color_hover":"","ocean_menu_link_color_active":"","ocean_menu_link_background":"","ocean_menu_link_hover_background":"","ocean_menu_link_active_background":"","ocean_menu_social_links_bg":"","ocean_menu_social_hover_links_bg":"","ocean_menu_social_links_color":"","ocean_menu_social_hover_links_color":"","ocean_disable_title":"default","ocean_disable_heading":"default","ocean_post_title":"","ocean_post_subheading":"","ocean_post_title_style":"","ocean_post_title_background_color":"","ocean_post_title_background":0,"ocean_post_title_bg_image_position":"","ocean_post_title_bg_image_attachment":"","ocean_post_title_bg_image_repeat":"","ocean_post_title_bg_image_size":"","ocean_post_title_height":0,"ocean_post_title_bg_overlay":0.5,"ocean_post_title_bg_overlay_color":"","ocean_disable_breadcrumbs":"default","ocean_breadcrumbs_color":"","ocean_breadcrumbs_separator_color":"","ocean_breadcrumbs_links_color":"","ocean_breadcrumbs_links_hover_color":"","ocean_display_footer_widgets":"default","ocean_display_footer_bottom":"default","ocean_custom_footer_template":"","iawp_total_views":173,"footnotes":""},"class_list":["post-29","page","type-page","status-publish","hentry","entry"],"yoast_head":"<!-- This site is optimized with the Yoast SEO plugin v27.4 - https:\/\/yoast.com\/product\/yoast-seo-wordpress\/ -->\n<title>Num\u00e9rologie - elisaconsulting.com<\/title>\n<meta name=\"robots\" content=\"index, follow, max-snippet:-1, max-image-preview:large, max-video-preview:-1\" \/>\n<link rel=\"canonical\" href=\"https:\/\/elisaconsulting.com\/es\/numerologie\/\" \/>\n<meta property=\"og:locale\" content=\"es_ES\" \/>\n<meta property=\"og:type\" content=\"article\" \/>\n<meta property=\"og:title\" content=\"Num\u00e9rologie - elisaconsulting.com\" \/>\n<meta property=\"og:description\" content=\"NUM\u00c9ROLOGIE \u00e0 quoi sertune consultationen num\u00e9rologie ? Votre th\u00e8me vous d\u00e9voilera qui vous \u00eates, vos potentialit\u00e9s, l\u2019\u00e9volution que pourront prendre vos r\u00eaves et vos aspirations, les \u00e9l\u00e9ments de blocages et la mani\u00e8re de les d\u00e9passer. La Num\u00e9rologie est un des moyens de retrouver votre propre \u00e9nergie en ayant la confirmation de ce que vous savez [&hellip;]\" \/>\n<meta property=\"og:url\" content=\"https:\/\/elisaconsulting.com\/es\/numerologie\/\" \/>\n<meta property=\"og:site_name\" content=\"elisaconsulting.com\" \/>\n<meta property=\"article:modified_time\" content=\"2024-12-01T09:42:14+00:00\" \/>\n<meta property=\"og:image\" content=\"https:\/\/elisaconsulting.com\/wp-content\/uploads\/2024\/11\/numerologie-cle.png\" \/>\n\t<meta property=\"og:image:width\" content=\"409\" \/>\n\t<meta property=\"og:image:height\" content=\"291\" \/>\n\t<meta property=\"og:image:type\" content=\"image\/png\" \/>\n<meta name=\"twitter:card\" content=\"summary_large_image\" \/>\n<meta name=\"twitter:label1\" content=\"Tiempo de lectura\" \/>\n\t<meta name=\"twitter:data1\" content=\"2 minutos\" \/>\n<script type=\"application\/ld+json\" class=\"yoast-schema-graph\">{\"@context\":\"https:\\\/\\\/schema.org\",\"@graph\":[{\"@type\":\"WebPage\",\"@id\":\"https:\\\/\\\/elisaconsulting.com\\\/numerologie\\\/\",\"url\":\"https:\\\/\\\/elisaconsulting.com\\\/numerologie\\\/\",\"name\":\"Num\u00e9rologie - elisaconsulting.com\",\"isPartOf\":{\"@id\":\"https:\\\/\\\/elisaconsulting.com\\\/#website\"},\"primaryImageOfPage\":{\"@id\":\"https:\\\/\\\/elisaconsulting.com\\\/numerologie\\\/#primaryimage\"},\"image\":{\"@id\":\"https:\\\/\\\/elisaconsulting.com\\\/numerologie\\\/#primaryimage\"},\"thumbnailUrl\":\"https:\\\/\\\/elisaconsulting.com\\\/wp-content\\\/uploads\\\/2024\\\/11\\\/numerologie-cle.png\",\"datePublished\":\"2024-09-13T12:40:29+00:00\",\"dateModified\":\"2024-12-01T09:42:14+00:00\",\"breadcrumb\":{\"@id\":\"https:\\\/\\\/elisaconsulting.com\\\/numerologie\\\/#breadcrumb\"},\"inLanguage\":\"es\",\"potentialAction\":[{\"@type\":\"ReadAction\",\"target\":[\"https:\\\/\\\/elisaconsulting.com\\\/numerologie\\\/\"]}]},{\"@type\":\"ImageObject\",\"inLanguage\":\"es\",\"@id\":\"https:\\\/\\\/elisaconsulting.com\\\/numerologie\\\/#primaryimage\",\"url\":\"https:\\\/\\\/elisaconsulting.com\\\/wp-content\\\/uploads\\\/2024\\\/11\\\/numerologie-cle.png\",\"contentUrl\":\"https:\\\/\\\/elisaconsulting.com\\\/wp-content\\\/uploads\\\/2024\\\/11\\\/numerologie-cle.png\"},{\"@type\":\"BreadcrumbList\",\"@id\":\"https:\\\/\\\/elisaconsulting.com\\\/numerologie\\\/#breadcrumb\",\"itemListElement\":[{\"@type\":\"ListItem\",\"position\":1,\"name\":\"Accueil\",\"item\":\"https:\\\/\\\/elisaconsulting.com\\\/\"},{\"@type\":\"ListItem\",\"position\":2,\"name\":\"Num\u00e9rologie\"}]},{\"@type\":\"WebSite\",\"@id\":\"https:\\\/\\\/elisaconsulting.com\\\/#website\",\"url\":\"https:\\\/\\\/elisaconsulting.com\\\/\",\"name\":\"elisaconsulting.com\",\"description\":\"CONSULTANTE EN NUM\u00c9ROLOGIE &amp; SOPHROLOGIE CAYC\u00c9DIENNE LAUSANNE SUISSE\",\"publisher\":{\"@id\":\"https:\\\/\\\/elisaconsulting.com\\\/#\\\/schema\\\/person\\\/e6ccc0cacce16a3d08a6de4e2bef65d1\"},\"potentialAction\":[{\"@type\":\"SearchAction\",\"target\":{\"@type\":\"EntryPoint\",\"urlTemplate\":\"https:\\\/\\\/elisaconsulting.com\\\/?s={search_term_string}\"},\"query-input\":{\"@type\":\"PropertyValueSpecification\",\"valueRequired\":true,\"valueName\":\"search_term_string\"}}],\"inLanguage\":\"es\"},{\"@type\":[\"Person\",\"Organization\"],\"@id\":\"https:\\\/\\\/elisaconsulting.com\\\/#\\\/schema\\\/person\\\/e6ccc0cacce16a3d08a6de4e2bef65d1\",\"name\":\"elisaconsulting.com\",\"image\":{\"@type\":\"ImageObject\",\"inLanguage\":\"es\",\"@id\":\"https:\\\/\\\/elisaconsulting.com\\\/wp-content\\\/uploads\\\/2024\\\/11\\\/logo-elisa.png\",\"url\":\"https:\\\/\\\/elisaconsulting.com\\\/wp-content\\\/uploads\\\/2024\\\/11\\\/logo-elisa.png\",\"contentUrl\":\"https:\\\/\\\/elisaconsulting.com\\\/wp-content\\\/uploads\\\/2024\\\/11\\\/logo-elisa.png\",\"width\":589,\"height\":376,\"caption\":\"elisaconsulting.com\"},\"logo\":{\"@id\":\"https:\\\/\\\/elisaconsulting.com\\\/wp-content\\\/uploads\\\/2024\\\/11\\\/logo-elisa.png\"},\"sameAs\":[\"http:\\\/\\\/elisaconsulting.com\"]}]}<\/script>\n<!-- \/ Yoast SEO plugin. -->","yoast_head_json":{"title":"Num\u00e9rologie - elisaconsulting.com","robots":{"index":"index","follow":"follow","max-snippet":"max-snippet:-1","max-image-preview":"max-image-preview:large","max-video-preview":"max-video-preview:-1"},"canonical":"https:\/\/elisaconsulting.com\/es\/numerologie\/","og_locale":"es_ES","og_type":"article","og_title":"Num\u00e9rologie - elisaconsulting.com","og_description":"NUM\u00c9ROLOGIE \u00e0 quoi sertune consultationen num\u00e9rologie ? Votre th\u00e8me vous d\u00e9voilera qui vous \u00eates, vos potentialit\u00e9s, l\u2019\u00e9volution que pourront prendre vos r\u00eaves et vos aspirations, les \u00e9l\u00e9ments de blocages et la mani\u00e8re de les d\u00e9passer. La Num\u00e9rologie est un des moyens de retrouver votre propre \u00e9nergie en ayant la confirmation de ce que vous savez [&hellip;]","og_url":"https:\/\/elisaconsulting.com\/es\/numerologie\/","og_site_name":"elisaconsulting.com","article_modified_time":"2024-12-01T09:42:14+00:00","og_image":[{"width":409,"height":291,"url":"https:\/\/elisaconsulting.com\/wp-content\/uploads\/2024\/11\/numerologie-cle.png","type":"image\/png"}],"twitter_card":"summary_large_image","twitter_misc":{"Tiempo de lectura":"2 minutos"},"schema":{"@context":"https:\/\/schema.org","@graph":[{"@type":"WebPage","@id":"https:\/\/elisaconsulting.com\/numerologie\/","url":"https:\/\/elisaconsulting.com\/numerologie\/","name":"Num\u00e9rologie - elisaconsulting.com","isPartOf":{"@id":"https:\/\/elisaconsulting.com\/#website"},"primaryImageOfPage":{"@id":"https:\/\/elisaconsulting.com\/numerologie\/#primaryimage"},"image":{"@id":"https:\/\/elisaconsulting.com\/numerologie\/#primaryimage"},"thumbnailUrl":"https:\/\/elisaconsulting.com\/wp-content\/uploads\/2024\/11\/numerologie-cle.png","datePublished":"2024-09-13T12:40:29+00:00","dateModified":"2024-12-01T09:42:14+00:00","breadcrumb":{"@id":"https:\/\/elisaconsulting.com\/numerologie\/#breadcrumb"},"inLanguage":"es","potentialAction":[{"@type":"ReadAction","target":["https:\/\/elisaconsulting.com\/numerologie\/"]}]},{"@type":"ImageObject","inLanguage":"es","@id":"https:\/\/elisaconsulting.com\/numerologie\/#primaryimage","url":"https:\/\/elisaconsulting.com\/wp-content\/uploads\/2024\/11\/numerologie-cle.png","contentUrl":"https:\/\/elisaconsulting.com\/wp-content\/uploads\/2024\/11\/numerologie-cle.png"},{"@type":"BreadcrumbList","@id":"https:\/\/elisaconsulting.com\/numerologie\/#breadcrumb","itemListElement":[{"@type":"ListItem","position":1,"name":"Accueil","item":"https:\/\/elisaconsulting.com\/"},{"@type":"ListItem","position":2,"name":"Num\u00e9rologie"}]},{"@type":"WebSite","@id":"https:\/\/elisaconsulting.com\/#website","url":"https:\/\/elisaconsulting.com\/","name":"elisaconsulting.com","description":"CONSULTANTE EN NUM\u00c9ROLOGIE &amp; SOPHROLOGIE CAYC\u00c9DIENNE LAUSANNE SUISSE","publisher":{"@id":"https:\/\/elisaconsulting.com\/#\/schema\/person\/e6ccc0cacce16a3d08a6de4e2bef65d1"},"potentialAction":[{"@type":"SearchAction","target":{"@type":"EntryPoint","urlTemplate":"https:\/\/elisaconsulting.com\/?s={search_term_string}"},"query-input":{"@type":"PropertyValueSpecification","valueRequired":true,"valueName":"search_term_string"}}],"inLanguage":"es"},{"@type":["Person","Organization"],"@id":"https:\/\/elisaconsulting.com\/#\/schema\/person\/e6ccc0cacce16a3d08a6de4e2bef65d1","name":"elisaconsulting.com","image":{"@type":"ImageObject","inLanguage":"es","@id":"https:\/\/elisaconsulting.com\/wp-content\/uploads\/2024\/11\/logo-elisa.png","url":"https:\/\/elisaconsulting.com\/wp-content\/uploads\/2024\/11\/logo-elisa.png","contentUrl":"https:\/\/elisaconsulting.com\/wp-content\/uploads\/2024\/11\/logo-elisa.png","width":589,"height":376,"caption":"elisaconsulting.com"},"logo":{"@id":"https:\/\/elisaconsulting.com\/wp-content\/uploads\/2024\/11\/logo-elisa.png"},"sameAs":["http:\/\/elisaconsulting.com"]}]}},"_links":{"self":[{"href":"https:\/\/elisaconsulting.com\/es\/wp-json\/wp\/v2\/pages\/29","targetHints":{"allow":["GET"]}}],"collection":[{"href":"https:\/\/elisaconsulting.com\/es\/wp-json\/wp\/v2\/pages"}],"about":[{"href":"https:\/\/elisaconsulting.com\/es\/wp-json\/wp\/v2\/types\/page"}],"author":[{"embeddable":true,"href":"https:\/\/elisaconsulting.com\/es\/wp-json\/wp\/v2\/users\/1"}],"replies":[{"embeddable":true,"href":"https:\/\/elisaconsulting.com\/es\/wp-json\/wp\/v2\/comments?post=29"}],"version-history":[{"count":100,"href":"https:\/\/elisaconsulting.com\/es\/wp-json\/wp\/v2\/pages\/29\/revisions"}],"predecessor-version":[{"id":1106,"href":"https:\/\/elisaconsulting.com\/es\/wp-json\/wp\/v2\/pages\/29\/revisions\/1106"}],"wp:attachment":[{"href":"https:\/\/elisaconsulting.com\/es\/wp-json\/wp\/v2\/media?parent=29"}],"curies":[{"name":"wp","href":"https:\/\/api.w.org\/{rel}","templated":true}]}}